{"id":742,"date":"2021-08-03T10:52:34","date_gmt":"2021-08-03T10:52:34","guid":{"rendered":"https:\/\/www.pinturasgranollers.com\/servicios-a-la-industria\/pintura-liquida\/"},"modified":"2021-08-12T09:16:35","modified_gmt":"2021-08-12T09:16:35","slug":"pintura-liquida","status":"publish","type":"page","link":"https:\/\/www.pinturasgranollers.com\/ca\/serveis-a-la-industria\/pintura-liquida\/","title":{"rendered":"Pintura l\u00edquida"},"content":{"rendered":"<p>[vc_row css_animation=&#8221;&#8221; row_type=&#8221;row&#8221; use_row_as_full_screen_section=&#8221;no&#8221; type=&#8221;full_width&#8221; angled_section=&#8221;no&#8221; text_align=&#8221;left&#8221; background_image_as_pattern=&#8221;without_pattern&#8221;][vc_column css=&#8221;.vc_custom_1628086928676{padding-top: 25px !important;padding-bottom: 55px !important;}&#8221;][vc_column_text]<\/p>\n<p style=\"text-align: justify;\">Pintat de peces met\u00e0l\u00b7liques amb resines que precisen de\u00a0polimerizat amb forn com per exemple pintura\u00a0antical\u00f2rica.<\/p>\n<p style=\"text-align: justify;\">Pintat de materials varis com per exemple:<br \/>\nAltaveus, R\u00e8tols, Fustes,\u00a0Pl\u00e0tics.<\/p>\n<p style=\"text-align: justify;\">Tipus d&#8217;acabats que podem aplicar:<br \/>\nPintat en tots els tons de la carta\u00a0RAL,\u00a0PANTONE,\u00a0NCS.<br \/>\nGofrats,\u00a0Texturats,\u00a0Marteles,\u00a0Oxiron, Pintura\u00a0antical\u00f2rica, Acabats mats, brillants, setinats, Sistemes d&#8217;alta resist\u00e8ncia a la corrosi\u00f3 tipus C5M.<\/p>\n<p style=\"text-align: justify;\">Cabina d&#8217;aplicaci\u00f3 manual i forn est\u00e0tic de gran grand\u00e0ria (2000 d&#8217;ample x 2500 d&#8217;alt x 5000 de llarg) per al pintat de s\u00e8ries curtes o peces de gran dimensi\u00f3.<br \/>\n\u00b7 Cabina tancada per a peces que necessitin un acabat m\u00e9s delicat.<\/p>\n<p style=\"text-align: justify;\">Pintura industrial de consist\u00e8ncia liquida. Depenent del tipus de pintura s&#8217;aplica mitjan\u00e7ant sistema\u00a0electroest\u00e0tic o pistola convencional. Es pot aplicar sobre qualsevol superf\u00edcie (metall, pl\u00e0stic, fusta&#8230;).<\/p>\n<p>[\/vc_column_text][\/vc_column][\/vc_row]<\/p>\n","protected":false},"excerpt":{"rendered":"<p>[vc_row css_animation=&#8221;&#8221; row_type=&#8221;row&#8221; use_row_as_full_screen_section=&#8221;no&#8221; type=&#8221;full_width&#8221; angled_section=&#8221;no&#8221; text_align=&#8221;left&#8221; background_image_as_pattern=&#8221;without_pattern&#8221;][vc_column css=&#8221;.vc_custom_1628086928676{padding-top: 25px !important;padding-bottom: 55px !important;}&#8221;][vc_column_text] Pintat de peces met\u00e0l\u00b7liques amb resines que precisen de\u00a0polimerizat amb forn com per exemple pintura\u00a0antical\u00f2rica. Pintat de materials varis com per exemple: Altaveus, R\u00e8tols, Fustes,\u00a0Pl\u00e0tics. Tipus d&#8217;acabats que podem aplicar: Pintat en&#8230;<\/p>\n","protected":false},"author":1,"featured_media":0,"parent":490,"menu_order":0,"comment_status":"closed","ping_status":"closed","template":"","meta":{"footnotes":""},"class_list":["post-742","page","type-page","status-publish","hentry"],"_links":{"self":[{"href":"https:\/\/www.pinturasgranollers.com\/ca\/wp-json\/wp\/v2\/pages\/742","targetHints":{"allow":["GET"]}}],"collection":[{"href":"https:\/\/www.pinturasgranollers.com\/ca\/wp-json\/wp\/v2\/pages"}],"about":[{"href":"https:\/\/www.pinturasgranollers.com\/ca\/wp-json\/wp\/v2\/types\/page"}],"author":[{"embeddable":true,"href":"https:\/\/www.pinturasgranollers.com\/ca\/wp-json\/wp\/v2\/users\/1"}],"replies":[{"embeddable":true,"href":"https:\/\/www.pinturasgranollers.com\/ca\/wp-json\/wp\/v2\/comments?post=742"}],"version-history":[{"count":2,"href":"https:\/\/www.pinturasgranollers.com\/ca\/wp-json\/wp\/v2\/pages\/742\/revisions"}],"predecessor-version":[{"id":744,"href":"https:\/\/www.pinturasgranollers.com\/ca\/wp-json\/wp\/v2\/pages\/742\/revisions\/744"}],"up":[{"embeddable":true,"href":"https:\/\/www.pinturasgranollers.com\/ca\/wp-json\/wp\/v2\/pages\/490"}],"wp:attachment":[{"href":"https:\/\/www.pinturasgranollers.com\/ca\/wp-json\/wp\/v2\/media?parent=742"}],"curies":[{"name":"wp","href":"https:\/\/api.w.org\/{rel}","templated":true}]}}