{"id":487,"date":"2016-11-02T12:30:44","date_gmt":"2016-11-02T12:30:44","guid":{"rendered":"http:\/\/www.pinturasgranollers.com\/empresa\/"},"modified":"2019-10-21T11:53:11","modified_gmt":"2019-10-21T11:53:11","slug":"empresa","status":"publish","type":"page","link":"https:\/\/www.pinturasgranollers.com\/ca\/empresa\/","title":{"rendered":"Empresa"},"content":{"rendered":"<p>[vc_row css_animation=&#8221;&#8221; row_type=&#8221;row&#8221; use_row_as_full_screen_section=&#8221;no&#8221; type=&#8221;grid&#8221; angled_section=&#8221;no&#8221; text_align=&#8221;left&#8221; background_image_as_pattern=&#8221;without_pattern&#8221;][vc_column][vc_empty_space height=&#8221;50px&#8221;][vc_column_text]<\/p>\n<h2 style=\"text-align: center;\">Empresa<\/h2>\n<p>[\/vc_column_text][vc_separator type=&#8221;normal&#8221;][vc_empty_space height=&#8221;50px&#8221;][vc_row_inner row_type=&#8221;row&#8221; type=&#8221;full_width&#8221; text_align=&#8221;left&#8221; css_animation=&#8221;&#8221;][vc_column_inner width=&#8221;1\/4&#8243;][\/vc_column_inner][vc_column_inner width=&#8221;1\/2&#8243;][vc_column_text]<\/p>\n<p style=\"text-align: center;\">Empresa familiar fundada l&#8217;any 1996. En els seus inicis es dedicava al <a href=\"\/ca\/servicios-a-la-industria\/\">pintat industrial<\/a> i estava especialitzada en el sector de la motocicleta.<\/p>\n<p>&nbsp;<\/p>\n<p style=\"text-align: center;\">20 anys despr\u00e9s, i amb la segona generaci\u00f3 al capdavant de l&#8217;empresa, seguim amb l&#8217;aplicaci\u00f3 industrial i hem ampliat les nostres instal\u00b7lacions per poder oferir tamb\u00e9 una serie de <a href=\"\/serveis-especials\/\">serveis especials<\/a> dirigits al sector de la restauraci\u00f3<\/p>\n<p>&nbsp;<\/p>\n<p style=\"text-align: center;\">A la nostra filosofia d&#8217;empresa prima el tracte amb el client, donant el m\u00e0xim de qualitat en els acabats i terminis de lliurament m\u00ednims per poder obtenir la competitivitat que aquest mercat requereix.<\/p>\n<p>[\/vc_column_text][\/vc_column_inner][vc_column_inner width=&#8221;1\/4&#8243;][\/vc_column_inner][\/vc_row_inner][vc_empty_space height=&#8221;50px&#8221;][\/vc_column][\/vc_row][vc_row css_animation=&#8221;&#8221; row_type=&#8221;row&#8221; use_row_as_full_screen_section=&#8221;no&#8221; type=&#8221;grid&#8221; angled_section=&#8221;no&#8221; text_align=&#8221;left&#8221; background_image_as_pattern=&#8221;without_pattern&#8221; css=&#8221;.vc_custom_1499176025449{background-color: #ffffff !important;}&#8221;][vc_column][vc_empty_space height=&#8221;50px&#8221;][vc_column_text]<\/p>\n<h2 style=\"text-align: center;\">El client, la nostra prioritat<\/h2>\n<p>[\/vc_column_text][vc_separator type=&#8221;normal&#8221;][vc_empty_space][vc_row_inner row_type=&#8221;row&#8221; type=&#8221;full_width&#8221; text_align=&#8221;center&#8221; css_animation=&#8221;&#8221;][vc_column_inner width=&#8221;1\/4&#8243;]<div class='image_hover ' style='' data-transition-delay=''><div class='images_holder'><img itemprop='image' class='active_image ' src='https:\/\/www.pinturasgranollers.com\/wp-content\/uploads\/2016\/08\/rellotge.png' alt='' style='' \/><img itemprop='image' class='hover_image' src='https:\/\/www.pinturasgranollers.com\/wp-content\/uploads\/2016\/08\/rellotge-h.png' alt='' style='' \/><\/div><\/div>[vc_empty_space height=&#8221;19px&#8221;][vc_column_text]<\/p>\n<h4 style=\"text-align: center;\"><span style=\"color: #818181;\">Rapidesa i<br \/>\nefic\u00e0cia<\/span><\/h4>\n<p>[\/vc_column_text][\/vc_column_inner][vc_column_inner width=&#8221;1\/4&#8243;]<div class='image_hover ' style='' data-transition-delay=''><div class='images_holder'><img itemprop='image' class='active_image ' src='https:\/\/www.pinturasgranollers.com\/wp-content\/uploads\/2016\/08\/mano.png' alt='' style='' \/><img itemprop='image' class='hover_image' src='https:\/\/www.pinturasgranollers.com\/wp-content\/uploads\/2016\/08\/mano-h.png' alt='' style='' \/><\/div><\/div>[vc_empty_space height=&#8221;19px&#8221;][vc_column_text]<\/p>\n<h4 style=\"text-align: center;\"><span style=\"color: #818181;\">Tracte proper<br \/>\ni directe<\/span><\/h4>\n<p>[\/vc_column_text][\/vc_column_inner][vc_column_inner width=&#8221;1\/4&#8243;]<div class='image_hover ' style='' data-transition-delay=''><div class='images_holder'><img itemprop='image' class='active_image ' src='https:\/\/www.pinturasgranollers.com\/wp-content\/uploads\/2016\/08\/cercle.png' alt='' style='' \/><img itemprop='image' class='hover_image' src='https:\/\/www.pinturasgranollers.com\/wp-content\/uploads\/2016\/08\/cercle-h.png' alt='' style='' \/><\/div><\/div>[vc_empty_space height=&#8221;19px&#8221;][vc_column_text]<\/p>\n<h4 style=\"text-align: center;\"><span style=\"color: #818181;\">Gran capacitat<br \/>\nd&#8217;adaptaci\u00f3<\/span><\/h4>\n<p>[\/vc_column_text][\/vc_column_inner][vc_column_inner width=&#8221;1\/4&#8243;]<div class='image_hover ' style='' data-transition-delay=''><div class='images_holder'><img itemprop='image' class='active_image ' src='https:\/\/www.pinturasgranollers.com\/wp-content\/uploads\/2016\/08\/conjunt.png' alt='' style='' \/><img itemprop='image' class='hover_image' src='https:\/\/www.pinturasgranollers.com\/wp-content\/uploads\/2016\/08\/conjunt-h.png' alt='' style='' \/><\/div><\/div>[vc_empty_space height=&#8221;19px&#8221;][vc_column_text]<\/p>\n<h4 style=\"text-align: center;\"><span style=\"color: #818181;\">Servei integral<br \/>\ncomplet<\/span><\/h4>\n<p>[\/vc_column_text][\/vc_column_inner][\/vc_row_inner][vc_empty_space height=&#8221;70px&#8221;][\/vc_column][\/vc_row]<\/p>\n","protected":false},"excerpt":{"rendered":"<p>[vc_row css_animation=&#8221;&#8221; row_type=&#8221;row&#8221; use_row_as_full_screen_section=&#8221;no&#8221; type=&#8221;grid&#8221; angled_section=&#8221;no&#8221; text_align=&#8221;left&#8221; background_image_as_pattern=&#8221;without_pattern&#8221;][vc_column][vc_empty_space height=&#8221;50px&#8221;][vc_column_text] Empresa [\/vc_column_text][vc_separator type=&#8221;normal&#8221;][vc_empty_space height=&#8221;50px&#8221;][vc_row_inner row_type=&#8221;row&#8221; type=&#8221;full_width&#8221; text_align=&#8221;left&#8221; css_animation=&#8221;&#8221;][vc_column_inner width=&#8221;1\/4&#8243;][\/vc_column_inner][vc_column_inner width=&#8221;1\/2&#8243;][vc_column_text] Empresa familiar fundada l&#8217;any 1996. En els seus inicis es dedicava al pintat industrial i estava especialitzada en el sector de la motocicleta. &nbsp; 20 anys&#8230;<\/p>\n","protected":false},"author":1,"featured_media":0,"parent":0,"menu_order":0,"comment_status":"closed","ping_status":"closed","template":"full_width.php","meta":{"footnotes":""},"class_list":["post-487","page","type-page","status-publish","hentry"],"_links":{"self":[{"href":"https:\/\/www.pinturasgranollers.com\/ca\/wp-json\/wp\/v2\/pages\/487","targetHints":{"allow":["GET"]}}],"collection":[{"href":"https:\/\/www.pinturasgranollers.com\/ca\/wp-json\/wp\/v2\/pages"}],"about":[{"href":"https:\/\/www.pinturasgranollers.com\/ca\/wp-json\/wp\/v2\/types\/page"}],"author":[{"embeddable":true,"href":"https:\/\/www.pinturasgranollers.com\/ca\/wp-json\/wp\/v2\/users\/1"}],"replies":[{"embeddable":true,"href":"https:\/\/www.pinturasgranollers.com\/ca\/wp-json\/wp\/v2\/comments?post=487"}],"version-history":[{"count":5,"href":"https:\/\/www.pinturasgranollers.com\/ca\/wp-json\/wp\/v2\/pages\/487\/revisions"}],"predecessor-version":[{"id":597,"href":"https:\/\/www.pinturasgranollers.com\/ca\/wp-json\/wp\/v2\/pages\/487\/revisions\/597"}],"wp:attachment":[{"href":"https:\/\/www.pinturasgranollers.com\/ca\/wp-json\/wp\/v2\/media?parent=487"}],"curies":[{"name":"wp","href":"https:\/\/api.w.org\/{rel}","templated":true}]}}