{"id":442,"date":"2016-08-31T07:33:10","date_gmt":"2016-08-31T07:33:10","guid":{"rendered":"http:\/\/www.pinturasgranollers.com\/home\/"},"modified":"2021-10-20T16:50:01","modified_gmt":"2021-10-20T16:50:01","slug":"home","status":"publish","type":"page","link":"https:\/\/www.pinturasgranollers.com\/ca\/","title":{"rendered":"Home"},"content":{"rendered":"<p>[vc_row css_animation=&#8221;&#8221; row_type=&#8221;row&#8221; use_row_as_full_screen_section=&#8221;no&#8221; type=&#8221;full_width&#8221; angled_section=&#8221;no&#8221; text_align=&#8221;left&#8221; background_image_as_pattern=&#8221;without_pattern&#8221;][vc_column]\n\t\t\t<!-- START PINTURAS GRANOLLERS CAT REVOLUTION SLIDER 6.5.3 --><p class=\"rs-p-wp-fix\"><\/p>\n\t\t\t<rs-module-wrap id=\"rev_slider_2_1_wrapper\" data-source=\"gallery\" style=\"visibility:hidden;background:transparent;padding:0;margin:0px auto;margin-top:0;margin-bottom:0;\">\n\t\t\t\t<rs-module id=\"rev_slider_2_1\" style=\"\" data-version=\"6.5.3\">\n\t\t\t\t\t<rs-slides>\n\t\t\t\t\t\t<rs-slide data-key=\"rs-2\" data-title=\"Slide\" data-anim=\"ms:220;\" data-in=\"o:0;\" data-out=\"a:false;\">\n\t\t\t\t\t\t\t<img loading=\"lazy\" decoding=\"async\" src=\"\/\/www.pinturasgranollers.com\/wp-content\/plugins\/revslider\/public\/assets\/assets\/dummy.png\" title=\"hands\" width=\"1920\" height=\"901\" class=\"rev-slidebg tp-rs-img rs-lazyload\" data-lazyload=\"\/\/www.pinturasgranollers.com\/wp-content\/uploads\/2016\/08\/hands.jpg\" data-bg=\"p:center bottom;\" data-no-retina>\n<!--\n\t\t\t\t\t\t\t--><rs-layer\n\t\t\t\t\t\t\t\tid=\"slider-2-slide-2-layer-0\" \n\t\t\t\t\t\t\t\tdata-type=\"text\"\n\t\t\t\t\t\t\t\tdata-color=\"#fff\"\n\t\t\t\t\t\t\t\tdata-tsh=\"h:3px,2px,1px,0px;v:3px,2px,1px,0px;b:8px,6px,4px,2px;\"\n\t\t\t\t\t\t\t\tdata-rsp_ch=\"on\"\n\t\t\t\t\t\t\t\tdata-xy=\"x:c;y:m;yo:61px,50px,43px,12px;\"\n\t\t\t\t\t\t\t\tdata-text=\"w:normal;s:67,55,41,25;l:80,66,50,30;ls:-1,0,0,0;fw:700;a:center;\"\n\t\t\t\t\t\t\t\tdata-dim=\"minh:0px,none,none,none;\"\n\t\t\t\t\t\t\t\tdata-frame_1=\"st:1890;sp:1030;sR:1890;\"\n\t\t\t\t\t\t\t\tdata-frame_999=\"o:0;st:w;sR:6080;\"\n\t\t\t\t\t\t\t\tstyle=\"z-index:9;font-family:Poppins;text-transform:uppercase;\"\n\t\t\t\t\t\t\t>Granallat, sorrejat, pintura<br \/>\nen pols i pintura l\u00edquida \n\t\t\t\t\t\t\t<\/rs-layer><!--\n\n\t\t\t\t\t\t\t--><rs-layer\n\t\t\t\t\t\t\t\tid=\"slider-2-slide-2-layer-1\" \n\t\t\t\t\t\t\t\tdata-type=\"text\"\n\t\t\t\t\t\t\t\tdata-color=\"#fff\"\n\t\t\t\t\t\t\t\tdata-rsp_ch=\"on\"\n\t\t\t\t\t\t\t\tdata-xy=\"x:c;xo:170px,140px,106px,53px;y:m;yo:-146px,-120px,-108px,-83px;\"\n\t\t\t\t\t\t\t\tdata-text=\"w:normal;s:51,42,31,28;l:54,44,33,32;ls:-1,0,0,0;\"\n\t\t\t\t\t\t\t\tdata-dim=\"h:auto,auto,auto,66px;minh:0px,none,none,none;\"\n\t\t\t\t\t\t\t\tdata-frame_1=\"st:1050;sp:860;sR:1050;\"\n\t\t\t\t\t\t\t\tdata-frame_999=\"o:0;st:w;sR:7090;\"\n\t\t\t\t\t\t\t\tstyle=\"z-index:11;font-family:Shadows Into Light;\"\n\t\t\t\t\t\t\t>Solucions de pintura<br \/>\nsector industrial i restauraci\u00f3 \n\t\t\t\t\t\t\t<\/rs-layer><!--\n\n\t\t\t\t\t\t\t--><rs-layer\n\t\t\t\t\t\t\t\tid=\"slider-2-slide-2-layer-2\" \n\t\t\t\t\t\t\t\tdata-type=\"text\"\n\t\t\t\t\t\t\t\tdata-color=\"#fff\"\n\t\t\t\t\t\t\t\tdata-rsp_ch=\"on\"\n\t\t\t\t\t\t\t\tdata-xy=\"x:c;yo:558px,512px,596px,434px;\"\n\t\t\t\t\t\t\t\tdata-text=\"w:normal;s:30,24,18,19;l:65,53,40,24;ls:-1,0,0,0;a:center;\"\n\t\t\t\t\t\t\t\tdata-dim=\"minh:0px,none,none,none;\"\n\t\t\t\t\t\t\t\tdata-frame_1=\"st:2930;sp:860;sR:2930;\"\n\t\t\t\t\t\t\t\tdata-frame_999=\"o:0;st:w;sR:5210;\"\n\t\t\t\t\t\t\t\tstyle=\"z-index:10;font-family:Shadows Into Light;\"\n\t\t\t\t\t\t\t>En familia des de 1996 \n\t\t\t\t\t\t\t<\/rs-layer><!--\n\n\t\t\t\t\t\t\t--><rs-layer\n\t\t\t\t\t\t\t\tid=\"slider-2-slide-2-layer-3\" \n\t\t\t\t\t\t\t\tdata-type=\"image\"\n\t\t\t\t\t\t\t\tdata-rsp_ch=\"on\"\n\t\t\t\t\t\t\t\tdata-xy=\"xo:254px,209px,158px,38px;y:m;yo:-152px,-125px,-120px,-86px;\"\n\t\t\t\t\t\t\t\tdata-text=\"w:normal;s:20,16,12,7;l:0,20,15,9;\"\n\t\t\t\t\t\t\t\tdata-dim=\"w:239px,197px,149px,91px;h:239px,197px,149px,91px;\"\n\t\t\t\t\t\t\t\tdata-frame_1=\"sp:1430;\"\n\t\t\t\t\t\t\t\tdata-frame_999=\"o:0;st:w;sR:7570;\"\n\t\t\t\t\t\t\t\tstyle=\"z-index:8;\"\n\t\t\t\t\t\t\t><img loading=\"lazy\" decoding=\"async\" src=\"\/\/www.pinturasgranollers.com\/wp-content\/plugins\/revslider\/public\/assets\/assets\/dummy.png\" class=\"tp-rs-img rs-lazyload\" width=\"450\" height=\"450\" data-lazyload=\"\/\/www.pinturasgranollers.com\/wp-content\/uploads\/2021\/08\/escudo-pigra-pinturas-granollers.png\" data-no-retina> \n\t\t\t\t\t\t\t<\/rs-layer><!--\n-->\t\t\t\t\t\t<\/rs-slide>\n\t\t\t\t\t<\/rs-slides>\n\t\t\t\t<\/rs-module>\n\t\t\t\t<script type=\"text\/javascript\">\n\t\t\t\t\tsetREVStartSize({c: 'rev_slider_2_1',rl:[1240,1024,768,480],el:[768,768,960,720],gw:[1240,1024,778,480],gh:[768,768,960,720],type:'standard',justify:'',layout:'fullwidth',mh:\"0\"});\n\t\t\t\t<\/script>\n\t\t\t<\/rs-module-wrap>\n\t\t\t<!-- END REVOLUTION SLIDER -->\n[\/vc_column][\/vc_row][vc_row css_animation=&#8221;&#8221; row_type=&#8221;row&#8221; use_row_as_full_screen_section=&#8221;no&#8221; type=&#8221;grid&#8221; angled_section=&#8221;no&#8221; text_align=&#8221;left&#8221; background_image_as_pattern=&#8221;without_pattern&#8221; z_index=&#8221;&#8221; css=&#8221;.vc_custom_1634747502214{padding-top: 55px !important;padding-bottom: 55px !important;}&#8221;][vc_column width=&#8221;1\/2&#8243; css=&#8221;.vc_custom_1634748369116{padding-bottom: 50px !important;}&#8221;][vc_column_text]<\/p>\n<h2 style=\"text-align: left;\"><strong>Serveis a la Industria<\/strong><\/h2>\n<p>&nbsp;<\/p>\n<h4>Granallat<br \/>\nSorrejat<br \/>\nAplicaci\u00f3 de pintura en pols<br \/>\nAplicaci\u00f3 de pintura l\u00edquida<\/h4>\n<p>[\/vc_column_text][\/vc_column][vc_column width=&#8221;1\/2&#8243; css=&#8221;.vc_custom_1634748408119{padding-bottom: 0px !important;}&#8221;][vc_column_text]<\/p>\n<h2 style=\"text-align: left;\"><strong>Serveis Especials<br \/>\n<\/strong><\/h2>\n<p>&nbsp;<\/p>\n<h4>Serveis de restauraci\u00f3 sorrejat<br \/>\nAplicaci\u00f3 de pintura en pols<br \/>\nAplicaci\u00f3 de pintura l\u00edquida<br \/>\nRestauraci\u00f3 vehicles<\/h4>\n<p>[\/vc_column_text][\/vc_column][\/vc_row][vc_row css_animation=&#8221;&#8221; row_type=&#8221;row&#8221; use_row_as_full_screen_section=&#8221;no&#8221; type=&#8221;grid&#8221; angled_section=&#8221;no&#8221; text_align=&#8221;center&#8221; background_image_as_pattern=&#8221;without_pattern&#8221; css=&#8221;.vc_custom_1472639134641{padding-top: 102px !important;padding-bottom: 38px !important;}&#8221;][vc_column][vc_row_inner row_type=&#8221;row&#8221; type=&#8221;full_width&#8221; text_align=&#8221;center&#8221; css_animation=&#8221;&#8221;][vc_column_inner width=&#8221;1\/4&#8243;]<div class='image_hover ' style='' data-transition-delay=''><div class='images_holder'><img itemprop='image' class='active_image ' src='https:\/\/www.pinturasgranollers.com\/wp-content\/uploads\/2016\/08\/rellotge.png' alt='' style='' \/><img itemprop='image' class='hover_image' src='https:\/\/www.pinturasgranollers.com\/wp-content\/uploads\/2016\/08\/rellotge-h.png' alt='' style='' \/><\/div><\/div>[vc_empty_space height=&#8221;19px&#8221;][vc_column_text]<\/p>\n<h4 style=\"text-align: center;\"><span style=\"color: #818181;\">Rapidesa i<br \/>\nefic\u00e0cia<\/span><\/h4>\n<p>[\/vc_column_text][\/vc_column_inner][vc_column_inner width=&#8221;1\/4&#8243;]<div class='image_hover ' style='' data-transition-delay=''><div class='images_holder'><img itemprop='image' class='active_image ' src='https:\/\/www.pinturasgranollers.com\/wp-content\/uploads\/2016\/08\/mano.png' alt='' style='' \/><img itemprop='image' class='hover_image' src='https:\/\/www.pinturasgranollers.com\/wp-content\/uploads\/2016\/08\/mano-h.png' alt='' style='' \/><\/div><\/div>[vc_empty_space height=&#8221;19px&#8221;][vc_column_text]<\/p>\n<h4 style=\"text-align: center;\"><span style=\"color: #818181;\">Tracte proper<br \/>\ni directe<\/span><\/h4>\n<p>[\/vc_column_text][\/vc_column_inner][vc_column_inner width=&#8221;1\/4&#8243;]<div class='image_hover ' style='' data-transition-delay=''><div class='images_holder'><img itemprop='image' class='active_image ' src='https:\/\/www.pinturasgranollers.com\/wp-content\/uploads\/2016\/08\/cercle.png' alt='' style='' \/><img itemprop='image' class='hover_image' src='https:\/\/www.pinturasgranollers.com\/wp-content\/uploads\/2016\/08\/cercle-h.png' alt='' style='' \/><\/div><\/div>[vc_empty_space height=&#8221;19px&#8221;][vc_column_text]<\/p>\n<h4 style=\"text-align: center;\"><span style=\"color: #818181;\">Gran capacitat<br \/>\nd&#8217;adaptaci\u00f3<\/span><\/h4>\n<p>[\/vc_column_text][\/vc_column_inner][vc_column_inner width=&#8221;1\/4&#8243;]<div class='image_hover ' style='' data-transition-delay=''><div class='images_holder'><img itemprop='image' class='active_image ' src='https:\/\/www.pinturasgranollers.com\/wp-content\/uploads\/2016\/08\/conjunt.png' alt='' style='' \/><img itemprop='image' class='hover_image' src='https:\/\/www.pinturasgranollers.com\/wp-content\/uploads\/2016\/08\/conjunt-h.png' alt='' style='' \/><\/div><\/div>[vc_empty_space height=&#8221;19px&#8221;][vc_column_text]<\/p>\n<h4 style=\"text-align: center;\"><span style=\"color: #818181;\">Servei integral<br \/>\ncomplet<\/span><\/h4>\n<p>[\/vc_column_text][\/vc_column_inner][\/vc_row_inner][vc_empty_space height=&#8221;70px&#8221;][\/vc_column][\/vc_row][vc_row css_animation=&#8221;&#8221; row_type=&#8221;row&#8221; use_row_as_full_screen_section=&#8221;no&#8221; type=&#8221;full_width&#8221; angled_section=&#8221;no&#8221; text_align=&#8221;left&#8221; background_image_as_pattern=&#8221;without_pattern&#8221;][vc_column][vc_gmaps link=&#8221;#E-8_JTNDaWZyYW1lJTIwc3JjJTNEJTIyaHR0cHMlM0ElMkYlMkZ3d3cuZ29vZ2xlLmNvbSUyRm1hcHMlMkZlbWJlZCUzRnBiJTNEJTIxMW0xNCUyMTFtOCUyMTFtMyUyMTFkMTE5MzguMjcxNTIxMDk1ODY3JTIxMmQyLjI3MTg4NyUyMTNkNDEuNTc4NTk2JTIxM20yJTIxMWkxMDI0JTIxMmk3NjglMjE0ZjEzLjElMjEzbTMlMjExbTIlMjExczB4MCUyNTNBMHgxOWJiNWNiMWUxOGRhZjlmJTIxMnNQSU5UVVJBUyUyNTIwR1JBTk9MTEVSUyUyNTJDJTI1MjBQSUdSQSUyNTJDJTI1MjBTLkwuJTIxNWUwJTIxM20yJTIxMXNjYSUyMTJzZXMlMjE0djE1Njg5NzU2NjIwOTclMjE1bTIlMjExc2NhJTIxMnNlcyUyMiUyMHdpZHRoJTNEJTIyNjAwJTIyJTIwaGVpZ2h0JTNEJTIyNDUwJTIyJTIwZnJhbWVib3JkZXIlM0QlMjIwJTIyJTIwc3R5bGUlM0QlMjJib3JkZXIlM0EwJTNCJTIyJTIwYWxsb3dmdWxsc2NyZWVuJTNEJTIyJTIyJTNFJTNDJTJGaWZyYW1lJTNF&#8221;][\/vc_column][\/vc_row]<\/p>\n","protected":false},"excerpt":{"rendered":"<p>[vc_row css_animation=&#8221;&#8221; row_type=&#8221;row&#8221; use_row_as_full_screen_section=&#8221;no&#8221; type=&#8221;full_width&#8221; angled_section=&#8221;no&#8221; text_align=&#8221;left&#8221; background_image_as_pattern=&#8221;without_pattern&#8221;][vc_column][\/vc_column][\/vc_row][vc_row css_animation=&#8221;&#8221; row_type=&#8221;row&#8221; use_row_as_full_screen_section=&#8221;no&#8221; type=&#8221;grid&#8221; angled_section=&#8221;no&#8221; text_align=&#8221;left&#8221; background_image_as_pattern=&#8221;without_pattern&#8221; z_index=&#8221;&#8221; css=&#8221;.vc_custom_1634747502214{padding-top: 55px !important;padding-bottom: 55px !important;}&#8221;][vc_column width=&#8221;1\/2&#8243; css=&#8221;.vc_custom_1634748369116{padding-bottom: 50px !important;}&#8221;][vc_column_text] Serveis a la Industria &nbsp; Granallat Sorrejat Aplicaci\u00f3 de pintura en pols Aplicaci\u00f3 de pintura l\u00edquida [\/vc_column_text][\/vc_column][vc_column width=&#8221;1\/2&#8243; css=&#8221;.vc_custom_1634748408119{padding-bottom: 0px&#8230;<\/p>\n","protected":false},"author":1,"featured_media":0,"parent":0,"menu_order":0,"comment_status":"closed","ping_status":"closed","template":"full_width.php","meta":{"footnotes":""},"class_list":["post-442","page","type-page","status-publish","hentry"],"_links":{"self":[{"href":"https:\/\/www.pinturasgranollers.com\/ca\/wp-json\/wp\/v2\/pages\/442","targetHints":{"allow":["GET"]}}],"collection":[{"href":"https:\/\/www.pinturasgranollers.com\/ca\/wp-json\/wp\/v2\/pages"}],"about":[{"href":"https:\/\/www.pinturasgranollers.com\/ca\/wp-json\/wp\/v2\/types\/page"}],"author":[{"embeddable":true,"href":"https:\/\/www.pinturasgranollers.com\/ca\/wp-json\/wp\/v2\/users\/1"}],"replies":[{"embeddable":true,"href":"https:\/\/www.pinturasgranollers.com\/ca\/wp-json\/wp\/v2\/comments?post=442"}],"version-history":[{"count":12,"href":"https:\/\/www.pinturasgranollers.com\/ca\/wp-json\/wp\/v2\/pages\/442\/revisions"}],"predecessor-version":[{"id":811,"href":"https:\/\/www.pinturasgranollers.com\/ca\/wp-json\/wp\/v2\/pages\/442\/revisions\/811"}],"wp:attachment":[{"href":"https:\/\/www.pinturasgranollers.com\/ca\/wp-json\/wp\/v2\/media?parent=442"}],"curies":[{"name":"wp","href":"https:\/\/api.w.org\/{rel}","templated":true}]}}